{"id":8363,"date":"2021-05-28T17:41:34","date_gmt":"2021-05-28T17:41:34","guid":{"rendered":"https:\/\/apinformacao.net.br\/blog\/?page_id=8363"},"modified":"2024-05-22T16:12:03","modified_gmt":"2024-05-22T19:12:03","slug":"contato","status":"publish","type":"page","link":"https:\/\/apinformacao.net.br\/blog\/contato\/","title":{"rendered":"contato"},"content":{"rendered":"\t\t<div data-elementor-type=\"wp-page\" data-elementor-id=\"8363\" class=\"elementor elementor-8363\" data-elementor-settings=\"{&quot;ha_cmc_init_switcher&quot;:&quot;no&quot;}\" data-elementor-post-type=\"page\">\n\t\t\t\t<div class=\"elementor-element elementor-element-5d9e3bb e-flex e-con-boxed elementor-section-parallax-no e-con e-parent\" data-id=\"5d9e3bb\" data-element_type=\"container\" data-settings=\"{&quot;_ha_eqh_enable&quot;:false}\">\n\t\t\t\t\t<div class=\"e-con-inner\">\n\t\t<div class=\"elementor-element elementor-element-99520b9 e-con-full e-flex elementor-section-parallax-no e-con e-child\" data-id=\"99520b9\" data-element_type=\"container\" data-settings=\"{&quot;_ha_eqh_enable&quot;:false}\">\n\t\t\t\t<div class=\"elementor-element elementor-element-16ec6a6 elementor-widget elementor-widget-heading\" data-id=\"16ec6a6\" data-element_type=\"widget\" data-widget_type=\"heading.default\">\n\t\t\t\t<div class=\"elementor-widget-container\">\n\t\t\t\t\t<h2 class=\"elementor-heading-title elementor-size-default\">Vamos conversar?<\/h2>\t\t\t\t<\/div>\n\t\t\t\t<\/div>\n\t\t\t\t<div class=\"elementor-element elementor-element-52db707 elementor-widget elementor-widget-text-editor\" data-id=\"52db707\" data-element_type=\"widget\" data-widget_type=\"text-editor.default\">\n\t\t\t\t<div class=\"elementor-widget-container\">\n\t\t\t\t\t\t\t\t\tPreencha o formul\u00e1rio que um dos nossos\n\nespecialistas entrar\u00e1 em contato.\t\t\t\t\t\t\t\t<\/div>\n\t\t\t\t<\/div>\n\t\t\t\t<div class=\"elementor-element elementor-element-b5deb32 elementor-widget elementor-widget-image\" data-id=\"b5deb32\" data-element_type=\"widget\" data-widget_type=\"image.default\">\n\t\t\t\t<div class=\"elementor-widget-container\">\n\t\t\t\t\t\t\t\t\t\t\t\t\t\t\t<img fetchpriority=\"high\" decoding=\"async\" width=\"1024\" height=\"683\" src=\"https:\/\/apinformacao.net.br\/blog\/wp-content\/uploads\/2024\/05\/Checklist-scaled-1-1536x1024.jpg-1024x683.webp\" class=\"attachment-large size-large wp-image-22380\" alt=\"\" srcset=\"https:\/\/apinformacao.net.br\/blog\/wp-content\/uploads\/2024\/05\/Checklist-scaled-1-1536x1024.jpg-1024x683.webp 1024w, https:\/\/apinformacao.net.br\/blog\/wp-content\/uploads\/2024\/05\/Checklist-scaled-1-1536x1024.jpg-300x200.webp 300w, https:\/\/apinformacao.net.br\/blog\/wp-content\/uploads\/2024\/05\/Checklist-scaled-1-1536x1024.jpg-768x512.webp 768w, https:\/\/apinformacao.net.br\/blog\/wp-content\/uploads\/2024\/05\/Checklist-scaled-1-1536x1024.jpg.webp 1536w\" sizes=\"(max-width: 1024px) 100vw, 1024px\" \/>\t\t\t\t\t\t\t\t\t\t\t\t\t\t\t<\/div>\n\t\t\t\t<\/div>\n\t\t\t\t<\/div>\n\t\t<div class=\"elementor-element elementor-element-a34c68c e-con-full e-flex elementor-section-parallax-no e-con e-child\" data-id=\"a34c68c\" data-element_type=\"container\" data-settings=\"{&quot;_ha_eqh_enable&quot;:false}\">\n\t\t\t\t<div class=\"elementor-element elementor-element-c1c85d5 eael-wpforms-labels-yes eael-wpforms-form-button-custom elementor-widget elementor-widget-eael-wpforms\" data-id=\"c1c85d5\" data-element_type=\"widget\" data-widget_type=\"eael-wpforms.default\">\n\t\t\t\t<div class=\"elementor-widget-container\">\n\t\t\t\t\t            <div class=\"eael-contact-form eael-wpforms title-description-hide eael-wpforms-align-default\">\n                                    <div class=\"eael-wpforms-heading\">\n                                                                    <\/div>\n                                <div class=\"wpforms-container wpforms-container-full\" id=\"wpforms-22312\"><form id=\"wpforms-form-22312\" class=\"wpforms-validate wpforms-form wpforms-ajax-form\" data-formid=\"22312\" method=\"post\" enctype=\"multipart\/form-data\" action=\"\/blog\/wp-json\/wp\/v2\/pages\/8363\" data-token=\"e151879df2811380f49169368af338d7\" data-token-time=\"1775411342\"><noscript class=\"wpforms-error-noscript\">Ative o JavaScript no seu navegador para preencher este formul\u00e1rio.<\/noscript><div class=\"wpforms-field-container\"><div id=\"wpforms-22312-field_5-container\" class=\"wpforms-field wpforms-field-text\" data-field-id=\"5\"><label class=\"wpforms-field-label\" for=\"wpforms-22312-field_5\">Nome <span class=\"wpforms-required-label\">*<\/span><\/label><input type=\"text\" id=\"wpforms-22312-field_5\" class=\"wpforms-field-small wpforms-field-required\" name=\"wpforms[fields][5]\" required><\/div><div id=\"wpforms-22312-field_1-container\" class=\"wpforms-field wpforms-field-email\" data-field-id=\"1\"><label class=\"wpforms-field-label\" for=\"wpforms-22312-field_1\">Email <span class=\"wpforms-required-label\">*<\/span><\/label><input type=\"email\" id=\"wpforms-22312-field_1\" class=\"wpforms-field-large wpforms-field-required\" name=\"wpforms[fields][1]\" spellcheck=\"false\" required><\/div><div id=\"wpforms-22312-field_6-container\" class=\"wpforms-field wpforms-field-text\" data-field-id=\"6\"><label class=\"wpforms-field-label\" for=\"wpforms-22312-field_6\">Telefone <span class=\"wpforms-required-label\">*<\/span><\/label><input type=\"text\" id=\"wpforms-22312-field_6\" class=\"wpforms-field-large wpforms-field-required\" name=\"wpforms[fields][6]\" required><\/div><div id=\"wpforms-22312-field_8-container\" class=\"wpforms-field wpforms-field-checkbox wpforms-list-2-columns\" data-field-id=\"8\"><label class=\"wpforms-field-label\">Como voc\u00ea nos conheceu? <span class=\"wpforms-required-label\">*<\/span><\/label><ul id=\"wpforms-22312-field_8\" class=\"wpforms-field-required\"><li class=\"choice-3 depth-1\"><input type=\"checkbox\" id=\"wpforms-22312-field_8_3\" name=\"wpforms[fields][8][]\" value=\"Indica\u00e7\u00e3o\" required ><label class=\"wpforms-field-label-inline\" for=\"wpforms-22312-field_8_3\">Indica\u00e7\u00e3o<\/label><\/li><li class=\"choice-2 depth-1\"><input type=\"checkbox\" id=\"wpforms-22312-field_8_2\" name=\"wpforms[fields][8][]\" value=\"E-Marketing\" required ><label class=\"wpforms-field-label-inline\" for=\"wpforms-22312-field_8_2\">E-Marketing<\/label><\/li><li class=\"choice-1 depth-1\"><input type=\"checkbox\" id=\"wpforms-22312-field_8_1\" name=\"wpforms[fields][8][]\" value=\"Redes Sociais\" required ><label class=\"wpforms-field-label-inline\" for=\"wpforms-22312-field_8_1\">Redes Sociais<\/label><\/li><li class=\"choice-4 depth-1\"><input type=\"checkbox\" id=\"wpforms-22312-field_8_4\" name=\"wpforms[fields][8][]\" value=\"Google, Bing, etc...\" required ><label class=\"wpforms-field-label-inline\" for=\"wpforms-22312-field_8_4\">Google, Bing, etc...<\/label><\/li><\/ul><\/div><div id=\"wpforms-22312-field_7-container\" class=\"wpforms-field wpforms-field-text\" data-field-id=\"7\"><label class=\"wpforms-field-label\" for=\"wpforms-22312-field_7\">CNPJ <span class=\"wpforms-required-label\">*<\/span><\/label><input type=\"text\" id=\"wpforms-22312-field_7\" class=\"wpforms-field-large wpforms-field-required\" name=\"wpforms[fields][7]\" required><\/div><div id=\"wpforms-22312-field_4-container\" class=\"wpforms-field wpforms-field-checkbox\" data-field-id=\"4\"><label class=\"wpforms-field-label\">  <span class=\"wpforms-required-label\">*<\/span><\/label><ul id=\"wpforms-22312-field_4\" class=\"wpforms-field-required\" data-choice-limit=\"12\"><li class=\"choice-1 depth-1\"><input type=\"checkbox\" id=\"wpforms-22312-field_4_1\" data-rule-check-limit=\"true\" name=\"wpforms[fields][4][]\" value=\"Concordo com os termos da pol\u00edtica\" required ><label class=\"wpforms-field-label-inline\" for=\"wpforms-22312-field_4_1\">Concordo com os termos da pol\u00edtica<\/label><\/li><\/ul><\/div><\/div><!-- .wpforms-field-container --><div class=\"wpforms-submit-container\" ><input type=\"hidden\" name=\"wpforms[id]\" value=\"22312\"><input type=\"hidden\" name=\"page_title\" value=\"\"><input type=\"hidden\" name=\"page_url\" value=\"https:\/\/apinformacao.net.br\/blog\/wp-json\/wp\/v2\/pages\/8363\"><input type=\"hidden\" name=\"url_referer\" value=\"\"><button type=\"submit\" name=\"wpforms[submit]\" id=\"wpforms-submit-22312\" class=\"wpforms-submit\" aria-live=\"assertive\" value=\"wpforms-submit\">Enviar<\/button><img decoding=\"async\" src=\"https:\/\/apinformacao.net.br\/blog\/wp-content\/plugins\/wpforms-lite\/assets\/images\/submit-spin.svg\" class=\"wpforms-submit-spinner\" style=\"display: none;\" width=\"26\" height=\"26\" alt=\"Carregando\"><\/div><\/form><\/div>  <!-- .wpforms-container -->            <\/div>\n\t\t\t\t<\/div>\n\t\t\t\t<\/div>\n\t\t\t\t<\/div>\n\t\t\t\t\t<\/div>\n\t\t\t\t<\/div>\n\t\t\t\t<\/div>\n\t\t","protected":false},"excerpt":{"rendered":"<p>Vamos conversar? Preencha o formul\u00e1rio que um dos nossos especialistas entrar\u00e1 em contato. Ative o JavaScript no seu navegador para preencher este formul\u00e1rio.Nome *Email *Telefone *Como voc\u00ea nos conheceu? * Indica\u00e7\u00e3o E-Marketing Redes Sociais Google, Bing, etc&#8230; CNPJ * * Concordo com os termos da pol\u00edtica Enviar<\/p>\n","protected":false},"author":1,"featured_media":0,"parent":0,"menu_order":0,"comment_status":"closed","ping_status":"closed","template":"","meta":{"_eb_attr":"","_monsterinsights_skip_tracking":false,"_monsterinsights_sitenote_active":false,"_monsterinsights_sitenote_note":"","_monsterinsights_sitenote_category":0,"_uf_show_specific_survey":0,"_uf_disable_surveys":false,"site-sidebar-layout":"no-sidebar","site-content-layout":"page-builder","ast-site-content-layout":"","site-content-style":"default","site-sidebar-style":"default","ast-global-header-display":"","ast-banner-title-visibility":"","ast-main-header-display":"","ast-hfb-above-header-display":"","ast-hfb-below-header-display":"","ast-hfb-mobile-header-display":"","site-post-title":"disabled","ast-breadcrumbs-content":"","ast-featured-img":"disabled","footer-sml-layout":"","theme-transparent-header-meta":"default","adv-header-id-meta":"","stick-header-meta":"","header-above-stick-meta":"","header-main-stick-meta":"","header-below-stick-meta":"","astra-migrate-meta-layouts":"default","ast-page-background-enabled":"default","ast-page-background-meta":{"desktop":{"background-color":"","background-image":"","background-repeat":"repeat","background-position":"center center","background-size":"auto","background-attachment":"scroll","background-type":"","background-media":"","overlay-type":"","overlay-color":"","overlay-opacity":"","overlay-gradient":""},"tablet":{"background-color":"","background-image":"","background-repeat":"repeat","background-position":"center center","background-size":"auto","background-attachment":"scroll","background-type":"","background-media":"","overlay-type":"","overlay-color":"","overlay-opacity":"","overlay-gradient":""},"mobile":{"background-color":"","background-image":"","background-repeat":"repeat","background-position":"center center","background-size":"auto","background-attachment":"scroll","background-type":"","background-media":"","overlay-type":"","overlay-color":"","overlay-opacity":"","overlay-gradient":""}},"ast-content-background-meta":{"desktop":{"background-color":"var(--ast-global-color-5)","background-image":"","background-repeat":"repeat","background-position":"center center","background-size":"auto","background-attachment":"scroll","background-type":"","background-media":"","overlay-type":"","overlay-color":"","overlay-opacity":"","overlay-gradient":""},"tablet":{"background-color":"var(--ast-global-color-5)","background-image":"","background-repeat":"repeat","background-position":"center center","background-size":"auto","background-attachment":"scroll","background-type":"","background-media":"","overlay-type":"","overlay-color":"","overlay-opacity":"","overlay-gradient":""},"mobile":{"background-color":"var(--ast-global-color-5)","background-image":"","background-repeat":"repeat","background-position":"center center","background-size":"auto","background-attachment":"scroll","background-type":"","background-media":"","overlay-type":"","overlay-color":"","overlay-opacity":"","overlay-gradient":""}},"footnotes":""},"aioseo_notices":[],"_links":{"self":[{"href":"https:\/\/apinformacao.net.br\/blog\/wp-json\/wp\/v2\/pages\/8363"}],"collection":[{"href":"https:\/\/apinformacao.net.br\/blog\/wp-json\/wp\/v2\/pages"}],"about":[{"href":"https:\/\/apinformacao.net.br\/blog\/wp-json\/wp\/v2\/types\/page"}],"author":[{"embeddable":true,"href":"https:\/\/apinformacao.net.br\/blog\/wp-json\/wp\/v2\/users\/1"}],"replies":[{"embeddable":true,"href":"https:\/\/apinformacao.net.br\/blog\/wp-json\/wp\/v2\/comments?post=8363"}],"version-history":[{"count":0,"href":"https:\/\/apinformacao.net.br\/blog\/wp-json\/wp\/v2\/pages\/8363\/revisions"}],"wp:attachment":[{"href":"https:\/\/apinformacao.net.br\/blog\/wp-json\/wp\/v2\/media?parent=8363"}],"curies":[{"name":"wp","href":"https:\/\/api.w.org\/{rel}","templated":true}]}}